{"id":670,"date":"2021-02-15T08:13:03","date_gmt":"2021-02-15T08:13:03","guid":{"rendered":"https:\/\/statusexpress.com.br\/index.php\/what-i-offer\/"},"modified":"2024-08-12T02:24:19","modified_gmt":"2024-08-12T02:24:19","slug":"nossos-servicos","status":"publish","type":"page","link":"https:\/\/statusexpress.com.br\/index.php\/nossos-servicos\/","title":{"rendered":"Nossos Servi\u00e7os"},"content":{"rendered":"\t\t<div data-elementor-type=\"wp-page\" data-elementor-id=\"670\" class=\"elementor elementor-670\">\n\t\t\t\t\t\t\t\t\t<section class=\"elementor-section elementor-top-section elementor-element elementor-element-273d2cd elementor-section-boxed elementor-section-height-default elementor-section-height-default\" data-id=\"273d2cd\" data-element_type=\"section\" data-settings=\"{&quot;background_background&quot;:&quot;classic&quot;}\">\n\t\t\t\t\t\t<div class=\"elementor-container elementor-column-gap-no\">\n\t\t\t\t\t<div class=\"elementor-column elementor-col-100 elementor-top-column elementor-element elementor-element-02c9a38\" data-id=\"02c9a38\" data-element_type=\"column\">\n\t\t\t<div class=\"elementor-widget-wrap elementor-element-populated\">\n\t\t\t\t\t\t\t\t<div class=\"elementor-element elementor-element-e40f540 elementor-widget elementor-widget-text-editor\" data-id=\"e40f540\" data-element_type=\"widget\" data-widget_type=\"text-editor.default\">\n\t\t\t\t<div class=\"elementor-widget-container\">\n\t\t\t<style>\/*! elementor - v3.7.6 - 15-09-2022 *\/\n.elementor-widget-text-editor.elementor-drop-cap-view-stacked .elementor-drop-cap{background-color:#818a91;color:#fff}.elementor-widget-text-editor.elementor-drop-cap-view-framed .elementor-drop-cap{color:#818a91;border:3px solid;background-color:transparent}.elementor-widget-text-editor:not(.elementor-drop-cap-view-default) .elementor-drop-cap{margin-top:8px}.elementor-widget-text-editor:not(.elementor-drop-cap-view-default) .elementor-drop-cap-letter{width:1em;height:1em}.elementor-widget-text-editor .elementor-drop-cap{float:left;text-align:center;line-height:1;font-size:50px}.elementor-widget-text-editor .elementor-drop-cap-letter{display:inline-block}<\/style>\t\t\t\t<p style=\"text-align: center;\">\n<\/p><p style=\"text-align: center;\">\n<\/p><p style=\"text-align: center;\">\n<\/p><p style=\"text-align: center;\"><br><\/p>\n<p style=\"text-align: center;\">A STATUS EXPRESS SERVI\u00c7OS ADUANEIROS E TRANSPORTES LTDA, uma empresa voltada exclusivamente para a \u00e1rea de libera\u00e7\u00e3o de BAGAGEM DESACOMPANHADA E AUTOMOVEL<\/p>\n<ul>\n<li style=\"text-align: left;\">Considerando por bem diversificar os nossos servi\u00e7os, com prop\u00f3sito de melhor servir e dar mais tranquilidade as empresas que colocam sob a nossa responsabilidade, seus programas de Importa\u00e7\u00e3o e Exporta\u00e7\u00e3o de Bagagem Desacompanhada<\/li>\n<li style=\"text-align: left;\">O compromisso em cuidar de sua bagagem est\u00e1 em boas m\u00e3os com a Status Express LTDA. Para proporcionar seguran\u00e7a e confian\u00e7a ao cliente, a empresa conta com equipe experiente em executar todos os procedimentos exigidos para este servi\u00e7o<\/li>\n<li style=\"text-align: left;\">O cliente poder\u00e1 contar com a tranquilidade de receber sua bagagem, ap\u00f3s libera\u00e7\u00e3o na alf\u00e2ndega, atrav\u00e9s do processo realizado pela Status Express LTDA<\/li>\n<\/ul>\n<div><br><\/div>\n<div><b style=\"color: var( --e-global-color-astglobalcolor5 ); background-color: var( --e-global-color-astglobalcolor2 ); font-size: 1rem;\"><u>Importa\u00e7\u00e3o<\/u><\/b><\/div>\n<div>&nbsp;<\/div>\n<div>\n<ul>\n<li>\n<p style=\"text-align: left;\">Acompanhamento da chegada do ve\u00edculo transportador -Mar\u00edtimo e A\u00e9reo<\/p>\n<\/li>\n<li style=\"text-align: left;\">\n<p>Credenciamento do viajante no SISCOMEX\/SRF<\/p>\n<\/li>\n<li style=\"text-align: left;\">\n<p>An\u00e1lise documental, incluindo rela\u00e7\u00e3o dos bens, passaporte, vistos, comprovantes de resid\u00eancia, bilhetes de passagem, etc<\/p>\n<\/li>\n<li style=\"text-align: left;\">\n<p>Instru\u00e7\u00e3o da DSI (Declara\u00e7\u00e3o Simplificada de Importa\u00e7\u00e3o) no sistema SISCOMEX<\/p>\n<\/li>\n<li style=\"text-align: left;\">\n<p>Acompanhamento do processo junto \u00e0 SRF, como confer\u00eancias documental e f\u00edsica, at\u00e9 a libera\u00e7\u00e3o final<\/p>\n<\/li>\n<li style=\"text-align: left;\">\n<p>Libera\u00e7\u00e3o de DSI manual ( Diplom\u00e1tica \u2013 MRE )<\/p>\n<\/li>\n<li style=\"text-align: left;\">\n<p>Libera\u00e7\u00e3o de Autom\u00f3vel ( Diplom\u00e1tica \u2013 REDA &#8211; E )<\/p>\n<\/li>\n<li>\n<p style=\"text-align: left;\">Libera\u00e7\u00e3o de Animais vivos ( C\u00e3es e Gatos)<\/p>\n<\/li>\n<\/ul>\n<div style=\"text-align: left;\">\n<div style=\"text-align: center;\"><br><\/div>\n<div style=\"text-align: center;\"><b><u>Exporta\u00e7\u00e3o<\/u><\/b><\/div>\n<div>&nbsp;<\/div>\n<ul>\n<li>Acompanhamento da sa\u00edda do ve\u00edculo transportador e prazo para embarque (DEAD-LINE).<\/li>\n<li>Credenciamento do viajante no SISCOMEX\/SRF<\/li>\n<li>An\u00e1lise documental, incluindo rela\u00e7\u00e3o dos bens, passaporte, vistos, bilhetes de passagem, etc.<\/li>\n<li>Instru\u00e7\u00e3o da DU-E, Declara\u00e7\u00e3o Unica de Exporta\u00e7\u00e3o, no Portal Unico<\/li>\n<li>Acompanhamento do processo junto \u00e0 SRF, como confer\u00eancias documental e f\u00edsica, at\u00e9 a libera\u00e7\u00e3o final<\/li>\n<li>Libera\u00e7\u00e3o junto ao IPHAN<\/li>\n<li>Libera\u00e7\u00e3o de Autom\u00f3vel como parte da bagagem<\/li>\n<li>Libera\u00e7\u00e3o de DSE manual ( Diplom\u00e1tica \u2013 MRE )<\/li>\n<li>Libera\u00e7\u00e3o de Autom\u00f3vel ( Diplom\u00e1tica \u2013 REDA &#8211; S )<\/li>\n<li>Libera\u00e7\u00e3o de Animais vivos ( C\u00e3es e Gatos)<\/li>\n<\/ul>\n<\/div>\n<\/div>\n<div>&nbsp;<\/div>\t\t\t\t\t\t<\/div>\n\t\t\t\t<\/div>\n\t\t\t\t\t<\/div>\n\t\t<\/div>\n\t\t\t\t\t\t\t<\/div>\n\t\t<\/section>\n\t\t\t\t\t\t\t<\/div>\n\t\t","protected":false},"excerpt":{"rendered":"<p>A STATUS EXPRESS SERVI\u00c7OS ADUANEIROS E TRANSPORTES LTDA, uma empresa voltada exclusivamente para a \u00e1rea de libera\u00e7\u00e3o de BAGAGEM DESACOMPANHADA E AUTOMOVEL Considerando por bem diversificar os nossos servi\u00e7os, com prop\u00f3sito de melhor servir e dar mais tranquilidade as empresas que colocam sob a nossa responsabilidade, seus programas de Importa\u00e7\u00e3o e Exporta\u00e7\u00e3o de Bagagem Desacompanhada &hellip;<\/p>\n<p class=\"read-more\"> <a class=\"\" href=\"https:\/\/statusexpress.com.br\/index.php\/nossos-servicos\/\"> <span class=\"screen-reader-text\">Nossos Servi\u00e7os<\/span> Leia mais &raquo;<\/a><\/p>\n","protected":false},"author":1,"featured_media":0,"parent":0,"menu_order":0,"comment_status":"closed","ping_status":"closed","template":"","meta":{"om_disable_all_campaigns":false,"_monsterinsights_skip_tracking":false,"_monsterinsights_sitenote_active":false,"_monsterinsights_sitenote_note":"","_monsterinsights_sitenote_category":0,"site-sidebar-layout":"no-sidebar","site-content-layout":"page-builder","ast-global-header-display":"","ast-main-header-display":"","ast-hfb-above-header-display":"","ast-hfb-below-header-display":"","ast-hfb-mobile-header-display":"","site-post-title":"disabled","ast-breadcrumbs-content":"disabled","ast-featured-img":"disabled","footer-sml-layout":"","theme-transparent-header-meta":"enabled","adv-header-id-meta":"","stick-header-meta":"","header-above-stick-meta":"","header-main-stick-meta":"","header-below-stick-meta":""},"aioseo_notices":[],"_links":{"self":[{"href":"https:\/\/statusexpress.com.br\/index.php\/wp-json\/wp\/v2\/pages\/670"}],"collection":[{"href":"https:\/\/statusexpress.com.br\/index.php\/wp-json\/wp\/v2\/pages"}],"about":[{"href":"https:\/\/statusexpress.com.br\/index.php\/wp-json\/wp\/v2\/types\/page"}],"author":[{"embeddable":true,"href":"https:\/\/statusexpress.com.br\/index.php\/wp-json\/wp\/v2\/users\/1"}],"replies":[{"embeddable":true,"href":"https:\/\/statusexpress.com.br\/index.php\/wp-json\/wp\/v2\/comments?post=670"}],"version-history":[{"count":38,"href":"https:\/\/statusexpress.com.br\/index.php\/wp-json\/wp\/v2\/pages\/670\/revisions"}],"predecessor-version":[{"id":1239,"href":"https:\/\/statusexpress.com.br\/index.php\/wp-json\/wp\/v2\/pages\/670\/revisions\/1239"}],"wp:attachment":[{"href":"https:\/\/statusexpress.com.br\/index.php\/wp-json\/wp\/v2\/media?parent=670"}],"curies":[{"name":"wp","href":"https:\/\/api.w.org\/{rel}","templated":true}]}}