{"id":494,"date":"2021-02-15T06:48:24","date_gmt":"2021-02-15T06:48:24","guid":{"rendered":"https:\/\/statusexpress.com.br\/index.php\/about\/"},"modified":"2022-09-19T04:49:17","modified_gmt":"2022-09-19T04:49:17","slug":"sobre","status":"publish","type":"page","link":"https:\/\/statusexpress.com.br\/index.php\/sobre\/","title":{"rendered":"Sobre"},"content":{"rendered":"\t\t<div data-elementor-type=\"wp-page\" data-elementor-id=\"494\" class=\"elementor elementor-494\">\n\t\t\t\t\t\t\t\t\t<section class=\"elementor-section elementor-top-section elementor-element elementor-element-c6943fb elementor-section-boxed elementor-section-height-default elementor-section-height-default\" data-id=\"c6943fb\" data-element_type=\"section\" data-settings=\"{&quot;background_background&quot;:&quot;classic&quot;}\">\n\t\t\t\t\t\t<div class=\"elementor-container elementor-column-gap-no\">\n\t\t\t\t\t<div class=\"elementor-column elementor-col-100 elementor-top-column elementor-element elementor-element-c6db340\" data-id=\"c6db340\" data-element_type=\"column\">\n\t\t\t<div class=\"elementor-widget-wrap elementor-element-populated\">\n\t\t\t\t\t\t\t\t<div class=\"elementor-element elementor-element-9ff3cfc elementor-widget elementor-widget-text-editor\" data-id=\"9ff3cfc\" data-element_type=\"widget\" data-widget_type=\"text-editor.default\">\n\t\t\t\t<div class=\"elementor-widget-container\">\n\t\t\t<style>\/*! elementor - v3.7.6 - 15-09-2022 *\/\n.elementor-widget-text-editor.elementor-drop-cap-view-stacked .elementor-drop-cap{background-color:#818a91;color:#fff}.elementor-widget-text-editor.elementor-drop-cap-view-framed .elementor-drop-cap{color:#818a91;border:3px solid;background-color:transparent}.elementor-widget-text-editor:not(.elementor-drop-cap-view-default) .elementor-drop-cap{margin-top:8px}.elementor-widget-text-editor:not(.elementor-drop-cap-view-default) .elementor-drop-cap-letter{width:1em;height:1em}.elementor-widget-text-editor .elementor-drop-cap{float:left;text-align:center;line-height:1;font-size:50px}.elementor-widget-text-editor .elementor-drop-cap-letter{display:inline-block}<\/style>\t\t\t\t<p style=\"font-size: 16px; font-style: normal; font-weight: 400; color: #ffffff; text-align: center; background-color: #101218;\"><br><\/p>\n<p style=\"font-size: 16px; font-style: normal; font-weight: 400; color: #ffffff; text-align: center; background-color: #101218;\"><span style=\"text-decoration-line: underline;\"><br><\/span><\/p>\n<p style=\"font-size: 16px; font-style: normal; font-weight: 400; color: #ffffff; text-align: center; background-color: #101218;\"><span style=\"text-decoration-line: underline;\">STATUS EXPRESS SERVI\u00c7OS ADUANEIROS E TRANSPORTES LTDA<\/span><\/p>\n<p style=\"font-size: 16px; font-style: normal; font-weight: 400; color: #ffffff; text-align: center; background-color: #101218;\">Uma empresa voltada exclusivamente para a \u00e1rea de libera\u00e7\u00e3o de BAGAGEM DESACOMPANHADA<br><\/p>\n<p style=\"font-size: 16px; font-style: normal; font-weight: 400; color: #ffffff; text-align: center; background-color: #101218;\"><br><\/p>\n<p style=\"font-size: 16px; font-style: normal; font-weight: 400; color: #ffffff; text-align: center; background-color: #101218;\"><br><\/p>\n<p style=\"font-size: 16px; font-style: normal; font-weight: 400; color: #ffffff; text-align: center; background-color: #101218;\"><br><\/p>\n<p style=\"font-size: 16px; font-style: normal; font-weight: 400; color: #ffffff; text-align: center; background-color: #101218;\"><br><\/p>\n<p style=\"font-size: 16px; font-style: normal; font-weight: 400; color: #ffffff; text-align: center; background-color: #101218;\"><br><\/p>\n<p style=\"font-size: 16px; font-style: normal; font-weight: 400; color: #ffffff; text-align: center; background-color: #101218;\"><br><\/p>\n<p style=\"font-size: 16px; font-style: normal; font-weight: 400; color: #ffffff; text-align: center; background-color: #101218;\"><br><\/p>\n<p style=\"font-size: 16px; font-style: normal; font-weight: 400; color: #ffffff; text-align: center; background-color: #101218;\"><br><\/p>\n<p style=\"font-size: 16px; font-style: normal; font-weight: 400; color: #ffffff; text-align: center; background-color: #101218;\"><br><\/p>\n<p style=\"font-size: 16px; font-style: normal; font-weight: 400; color: #ffffff; text-align: center; background-color: #101218;\">\n<\/p><p style=\"font-size: 16px; font-style: normal; font-weight: 400; color: #ffffff; text-align: center; background-color: #101218;\">\n<\/p><p style=\"font-size: 16px; font-style: normal; font-weight: 400; color: #ffffff; text-align: center; background-color: #101218;\">\n<\/p>\t\t\t\t\t\t<\/div>\n\t\t\t\t<\/div>\n\t\t\t\t\t<\/div>\n\t\t<\/div>\n\t\t\t\t\t\t\t<\/div>\n\t\t<\/section>\n\t\t\t\t\t\t\t<\/div>\n\t\t","protected":false},"excerpt":{"rendered":"<p>STATUS EXPRESS SERVI\u00c7OS ADUANEIROS E TRANSPORTES LTDA Uma empresa voltada exclusivamente para a \u00e1rea de libera\u00e7\u00e3o de BAGAGEM DESACOMPANHADA<\/p>\n","protected":false},"author":1,"featured_media":0,"parent":0,"menu_order":0,"comment_status":"closed","ping_status":"closed","template":"","meta":{"om_disable_all_campaigns":false,"_monsterinsights_skip_tracking":false,"_monsterinsights_sitenote_active":false,"_monsterinsights_sitenote_note":"","_monsterinsights_sitenote_category":0,"site-sidebar-layout":"no-sidebar","site-content-layout":"page-builder","ast-global-header-display":"","ast-main-header-display":"","ast-hfb-above-header-display":"","ast-hfb-below-header-display":"","ast-hfb-mobile-header-display":"","site-post-title":"disabled","ast-breadcrumbs-content":"disabled","ast-featured-img":"disabled","footer-sml-layout":"","theme-transparent-header-meta":"enabled","adv-header-id-meta":"","stick-header-meta":"","header-above-stick-meta":"","header-main-stick-meta":"","header-below-stick-meta":""},"aioseo_notices":[],"_links":{"self":[{"href":"https:\/\/statusexpress.com.br\/index.php\/wp-json\/wp\/v2\/pages\/494"}],"collection":[{"href":"https:\/\/statusexpress.com.br\/index.php\/wp-json\/wp\/v2\/pages"}],"about":[{"href":"https:\/\/statusexpress.com.br\/index.php\/wp-json\/wp\/v2\/types\/page"}],"author":[{"embeddable":true,"href":"https:\/\/statusexpress.com.br\/index.php\/wp-json\/wp\/v2\/users\/1"}],"replies":[{"embeddable":true,"href":"https:\/\/statusexpress.com.br\/index.php\/wp-json\/wp\/v2\/comments?post=494"}],"version-history":[{"count":56,"href":"https:\/\/statusexpress.com.br\/index.php\/wp-json\/wp\/v2\/pages\/494\/revisions"}],"predecessor-version":[{"id":1236,"href":"https:\/\/statusexpress.com.br\/index.php\/wp-json\/wp\/v2\/pages\/494\/revisions\/1236"}],"wp:attachment":[{"href":"https:\/\/statusexpress.com.br\/index.php\/wp-json\/wp\/v2\/media?parent=494"}],"curies":[{"name":"wp","href":"https:\/\/api.w.org\/{rel}","templated":true}]}}